{"id":117,"date":"2025-09-16T18:45:47","date_gmt":"2025-09-16T16:45:47","guid":{"rendered":"http:\/\/restaurant-mauer.at\/bestellseite\/?page_id=117"},"modified":"2025-10-22T18:20:38","modified_gmt":"2025-10-22T16:20:38","slug":"kinderteller","status":"publish","type":"page","link":"http:\/\/restaurant-mauer.at\/z\/a-la-carte\/kinderteller\/","title":{"rendered":"Kinderteller"},"content":{"rendered":"\n<main class=\"wp-block-group has-global-padding is-layout-constrained wp-container-core-group-is-layout-867e0672 wp-block-group-is-layout-constrained\">\n<p class=\"has-small-font-size\" style=\"margin-bottom:var(--wp--preset--spacing--30)\"><a href=\"http:\/\/restaurant-mauer.at\/z\/a-la-carte\/\" data-type=\"page\" data-id=\"93\"><strong>A La Carte<\/strong><\/a> \/ <a href=\"http:\/\/restaurant-mauer.at\/z\/spezialitaeten\/\" data-type=\"page\" data-id=\"125\">Spezialit\u00e4ten<\/a> \/ <a href=\"http:\/\/restaurant-mauer.at\/z\/sushi-maki\/\" data-type=\"page\" data-id=\"143\">Sushi &amp; Maki<\/a> \/ <a href=\"http:\/\/restaurant-mauer.at\/z\/menue\/\" data-type=\"page\" data-id=\"155\">Men\u00fc<\/a> \/ <a href=\"http:\/\/restaurant-mauer.at\/z\/getraenke\/\" data-type=\"page\" data-id=\"161\">Getr\u00e4nke<\/a><\/p>\n\n\n\n<div class=\"wp-block-group has-small-font-size is-layout-grid wp-container-core-group-is-layout-fba9d963 wp-block-group-is-layout-grid\" style=\"margin-bottom:var(--wp--preset--spacing--30)\">\n<p class=\"wp-container-content-65aae1f9\"><a href=\"http:\/\/restaurant-mauer.at\/z\/a-la-carte\/vorspeise\/\" data-type=\"page\" data-id=\"95\">Vorspeise<\/a><\/p>\n\n\n\n<p><a href=\"http:\/\/restaurant-mauer.at\/z\/a-la-carte\/suppe\/\" data-type=\"page\" data-id=\"97\">Suppe<\/a><\/p>\n\n\n\n<p><a href=\"http:\/\/restaurant-mauer.at\/z\/a-la-carte\/salat\/\" data-type=\"page\" data-id=\"99\">Salat<\/a><\/p>\n\n\n\n<p class=\"wp-container-content-65aae1f9\"><a href=\"http:\/\/restaurant-mauer.at\/z\/a-la-carte\/schweinefleisch\/\" data-type=\"page\" data-id=\"101\">Schweinefleisch<\/a><\/p>\n\n\n\n<p class=\"wp-container-content-65aae1f9\"><a href=\"http:\/\/restaurant-mauer.at\/z\/a-la-carte\/huehnerfleisch-2\/\" data-type=\"page\" data-id=\"133\">H\u00fchnerfleisch<\/a><\/p>\n\n\n\n<p class=\"wp-container-content-65aae1f9\"><a href=\"http:\/\/restaurant-mauer.at\/z\/a-la-carte\/ente\/\" data-type=\"page\" data-id=\"105\">Ente<\/a><\/p>\n\n\n\n<p class=\"wp-container-content-65aae1f9\"><a href=\"http:\/\/restaurant-mauer.at\/z\/a-la-carte\/rindfleisch\/\" data-type=\"page\" data-id=\"107\">Rindfleisch<\/a><\/p>\n\n\n\n<p class=\"wp-container-content-65aae1f9\"><a href=\"http:\/\/restaurant-mauer.at\/z\/a-la-carte\/fisch-garnele\/\" data-type=\"page\" data-id=\"109\">Fisch &amp; Garnelen<\/a><\/p>\n\n\n\n<p class=\"wp-container-content-65aae1f9\"><a href=\"http:\/\/restaurant-mauer.at\/z\/a-la-carte\/gemuese\/\" data-type=\"page\" data-id=\"111\">Gem\u00fcse<\/a><\/p>\n\n\n\n<p class=\"wp-container-content-65aae1f9\"><a href=\"http:\/\/restaurant-mauer.at\/z\/a-la-carte\/nudel\/\" data-type=\"page\" data-id=\"113\">Nudel<\/a><\/p>\n\n\n\n<p class=\"wp-container-content-65aae1f9\"><a href=\"http:\/\/restaurant-mauer.at\/z\/a-la-carte\/reis\/\" data-type=\"page\" data-id=\"115\">Reis<\/a><\/p>\n\n\n\n<p><a href=\"http:\/\/restaurant-mauer.at\/z\/a-la-carte\/kinderteller\/\" data-type=\"page\" data-id=\"117\"><strong>Kinderteller<\/strong><\/a><\/p>\n\n\n\n<p class=\"wp-container-content-65aae1f9\"><a href=\"http:\/\/restaurant-mauer.at\/z\/a-la-carte\/beilage\/\" data-type=\"page\" data-id=\"119\">Beilage<\/a><\/p>\n\n\n\n<p><a href=\"http:\/\/restaurant-mauer.at\/z\/a-la-carte\/dessert\/\" data-type=\"page\" data-id=\"121\">Dessert<\/a><\/p>\n\n\n\n<p><a href=\"http:\/\/restaurant-mauer.at\/z\/a-la-carte\/sauce-staebchen\/\" data-type=\"page\" data-id=\"123\">Sauce<\/a><\/p>\n<\/div>\n\n\n\n<div data-wp-context=\"{&quot;notices&quot;:[],&quot;hideNextPreviousButtons&quot;:false,&quot;isDisabledPrevious&quot;:true,&quot;isDisabledNext&quot;:false,&quot;ariaLabelPrevious&quot;:&quot;Vorherige Produkte&quot;,&quot;ariaLabelNext&quot;:&quot;N\\u00e4chste Produkte&quot;,&quot;collection&quot;:&quot;woocommerce\\\/product-collection\\\/by-category&quot;}\" data-wp-init=\"callbacks.onRender\" data-wp-interactive=\"woocommerce\/product-collection\" data-wp-router-region=\"wc-product-collection-0\" data-__private-preview-state=\"{&quot;isPreview&quot;:false,&quot;previewMessage&quot;:&quot;Die tats\\u00e4chliche Produktauswahl h\\u00e4ngt von der aufgerufenen Seite ab.&quot;}\" data-block-name=\"woocommerce\/product-collection\" data-collection=\"woocommerce\/product-collection\/by-category\" data-dimensions=\"{&quot;widthType&quot;:&quot;fill&quot;}\" data-display-layout=\"{&quot;type&quot;:&quot;flex&quot;,&quot;columns&quot;:2,&quot;shrinkColumns&quot;:true}\" data-hide-controls=\"[&quot;inherit&quot;,&quot;hand-picked&quot;,&quot;filterable&quot;]\" data-query-context-includes=\"[&quot;collection&quot;]\" data-query-id=\"0\" data-query=\"{&quot;perPage&quot;:9,&quot;pages&quot;:0,&quot;offset&quot;:0,&quot;postType&quot;:&quot;product&quot;,&quot;order&quot;:&quot;asc&quot;,&quot;orderBy&quot;:&quot;title&quot;,&quot;search&quot;:&quot;&quot;,&quot;exclude&quot;:[],&quot;inherit&quot;:false,&quot;taxQuery&quot;:{&quot;product_cat&quot;:[81]},&quot;isProductCollectionBlock&quot;:true,&quot;featured&quot;:false,&quot;woocommerceOnSale&quot;:false,&quot;woocommerceStockStatus&quot;:[&quot;instock&quot;,&quot;outofstock&quot;,&quot;onbackorder&quot;],&quot;woocommerceAttributes&quot;:[],&quot;woocommerceHandPickedProducts&quot;:[],&quot;filterable&quot;:false,&quot;relatedBy&quot;:{&quot;categories&quot;:true,&quot;tags&quot;:true}}\" data-tag-name=\"div\" class=\"wp-block-woocommerce-product-collection is-layout-flow wp-block-woocommerce-product-collection-is-layout-flow\">\t\t<div data-wp-interactive=\"woocommerce\/store-notices\" class=\"wc-block-components-notices alignwide\">\n\t\t\t<template data-wp-each--notice=\"state.notices\" data-wp-each-key=\"context.notice.id\">\n\t\t\t\t<div\n\t\t\t\t\tclass=\"wc-block-components-notice-banner\"\n\t\t\t\t\tdata-wp-init=\"callbacks.scrollIntoView\"\n\t\t\t\t\tdata-wp-class--is-error=\"state.isError\"\n\t\t\t\t\tdata-wp-class--is-success =\"state.isSuccess\"\n\t\t\t\t\tdata-wp-class--is-info=\"state.isInfo\"\n\t\t\t\t\tdata-wp-class--is-dismissible=\"context.notice.dismissible\"\n\t\t\t\t\tdata-wp-bind--role=\"state.role\"\n\t\t\t\t>\n\t\t\t\t\t<svg xmlns=\"http:\/\/www.w3.org\/2000\/svg\" viewBox=\"0 0 24 24\" width=\"24\" height=\"24\" aria-hidden=\"true\" focusable=\"false\">\n\t\t\t\t\t\t<path data-wp-bind--d=\"state.iconPath\"><\/path>\n\t\t\t\t\t<\/svg>\n\t\t\t\t\t<div class=\"wc-block-components-notice-banner__content\">\n\t\t\t\t\t\t<span data-wp-init=\"callbacks.renderNoticeContent\" aria-live=\"assertive\" aria-atomic=\"true\"><\/span>\n\t\t\t\t\t<\/div>\n\t\t\t\t\t<button\n\t\t\t\t\t\tdata-wp-bind--hidden=\"!context.notice.dismissible\"\n\t\t\t\t\t\tclass=\"wc-block-components-button wp-element-button wc-block-components-notice-banner__dismiss contained\"\n\t\t\t\t\t\taria-label=\"Diesen Hinweis verwerfen\"\n\t\t\t\t\t\tdata-wp-on--click=\"actions.removeNotice\"\n\t\t\t\t\t>\n\t\t\t\t\t\t<svg xmlns=\"http:\/\/www.w3.org\/2000\/svg\" viewBox=\"0 0 24 24\">\n\t\t\t\t\t\t\t<path d=\"M13 11.8l6.1-6.3-1-1-6.1 6.2-6.1-6.2-1 1 6.1 6.3-6.5 6.7 1 1 6.5-6.6 6.5 6.6 1-1z\" \/>\n\t\t\t\t\t\t<\/svg>\n\t\t\t\t\t<\/button>\n\t\t\t\t<\/div>\n\t\t\t<\/template>\n\t\t<\/div>\n\t\t<ul data-block-name=\"woocommerce\/product-template\" class=\"wc-block-product-template__responsive columns-2 wc-block-product-template wp-block-woocommerce-product-template is-layout-flow wp-block-woocommerce-product-template-is-layout-flow\" data-wp-on--scroll=\"actions.watchScroll\" data-wp-init=\"callbacks.initResizeObserver\"><li class=\"wc-block-product post-294 product type-product status-publish has-post-thumbnail product_cat-a-la-carte-kinderteller first instock purchasable product-type-simple\"\n\t\t\t\t\t\n\t\t\t\tdata-wp-interactive=\"woocommerce\/product-collection\"\n\t\t\t\tdata-wp-context='{\"productId\":294}'\n\t\t\t\tdata-wp-key=\"product-item-294\"\n\t\t\t\n\t\t\t\t>\n\t\t\t\t\t\n<h2 style=\"line-height:1.4; margin-bottom:0.75rem;margin-top:0;\" class=\"has-text-align-left wp-block-post-title has-medium-font-size\"><a data-wp-on--click=\"woocommerce\/product-collection::actions.viewProduct\" href=\"http:\/\/restaurant-mauer.at\/z\/produkt\/k2-gebratene-nudeln-mit-huehnerfleisch\/\" target=\"_self\" >K2. Gebratene Nudeln mit H\u00fchnerfleisch<\/a><\/h2>\n\n<div data-block-name=\"woocommerce\/product-price\" data-font-size=\"small\" data-is-descendent-of-query-loop=\"true\" data-text-align=\"right\" class=\"has-font-size has-small-font-size has-text-align-right wp-block-woocommerce-product-price has-small-font-size\" ><div class=\"wc-block-components-product-price wc-block-grid__product-price\" >\n\t\t\t\t\t<span class=\"woocommerce-Price-amount amount\"><bdi><span class=\"woocommerce-Price-currencySymbol\">&euro;<\/span>&nbsp;8,80<\/bdi><\/span>\n\t\t\t\t<\/div><\/div>\n\n<div data-block-name=\"woocommerce\/product-button\" data-font-size=\"small\" data-is-descendent-of-query-loop=\"true\" data-text-align=\"left\" data-width=\"75\" class=\"wp-block-button wc-block-components-product-button  has-custom-width wp-block-button__width-75 align-left wp-block-woocommerce-product-button has-small-font-size\"\n\t\t\t\t\t\n\t\t\t\t\tdata-wp-context='{\"quantityToAdd\":1,\"productId\":294,\"productType\":\"simple\",\"addToCartText\":\"In den Warenkorb\",\"tempQuantity\":0,\"animationStatus\":\"IDLE\",\"inTheCartText\":\"### im Warenkorb\",\"noticeId\":\"\",\"hasPressedButton\":false}'\n\t\t\t\t>\n\t\t\t\t\t<a\n\t\t\t\t\t\tclass=\"wp-block-button__link wp-element-button wc-block-components-product-button__button add_to_cart_button product_type_simple has-font-size has-small-font-size has-text-align-left wc-interactive\"\n\t\t\t\t\t\tstyle=\"\"\n\t\t\t\t\t\thref=\"\/z\/wp-json\/wp\/v2\/pages\/117?add-to-cart=294\" rel=\"nofollow\" data-product_id=\"294\" data-product_sku=\"df27a60f4bb0\" aria-label=\"In den Warenkorb legen: \u201eK2. Gebratene Nudeln mit H\u00fchnerfleisch\u201c\"\n\t\t\t\t\t\tdata-wp-on--click=\"woocommerce\/product-collection::actions.viewProduct\"\n\t\t\t\t\t>\n\t\t\t\t\t<span >In den Warenkorb<\/span>\n\t\t\t\t\t<\/a>\n\t\t\t\t\t\n\t\t\t\t<\/div>\n\n\t\t\t\t<\/li><li class=\"wc-block-product post-295 product type-product status-publish has-post-thumbnail product_cat-a-la-carte-kinderteller  instock purchasable product-type-simple\"\n\t\t\t\t\t\n\t\t\t\tdata-wp-interactive=\"woocommerce\/product-collection\"\n\t\t\t\tdata-wp-context='{\"productId\":295}'\n\t\t\t\tdata-wp-key=\"product-item-295\"\n\t\t\t\n\t\t\t\t>\n\t\t\t\t\t\n<h2 style=\"line-height:1.4; margin-bottom:0.75rem;margin-top:0;\" class=\"has-text-align-left wp-block-post-title has-medium-font-size\"><a data-wp-on--click=\"woocommerce\/product-collection::actions.viewProduct\" href=\"http:\/\/restaurant-mauer.at\/z\/produkt\/k3-knusprige-huehnerbrust-mit-pommes\/\" target=\"_self\" >K3. Knusprige H\u00fchnerbrust mit Pommes<\/a><\/h2>\n\n<div data-block-name=\"woocommerce\/product-price\" data-font-size=\"small\" data-is-descendent-of-query-loop=\"true\" data-text-align=\"right\" class=\"has-font-size has-small-font-size has-text-align-right wp-block-woocommerce-product-price has-small-font-size\" ><div class=\"wc-block-components-product-price wc-block-grid__product-price\" >\n\t\t\t\t\t<span class=\"woocommerce-Price-amount amount\"><bdi><span class=\"woocommerce-Price-currencySymbol\">&euro;<\/span>&nbsp;8,80<\/bdi><\/span>\n\t\t\t\t<\/div><\/div>\n\n<div data-block-name=\"woocommerce\/product-button\" data-font-size=\"small\" data-is-descendent-of-query-loop=\"true\" data-text-align=\"left\" data-width=\"75\" class=\"wp-block-button wc-block-components-product-button  has-custom-width wp-block-button__width-75 align-left wp-block-woocommerce-product-button has-small-font-size\"\n\t\t\t\t\t\n\t\t\t\t\tdata-wp-context='{\"quantityToAdd\":1,\"productId\":295,\"productType\":\"simple\",\"addToCartText\":\"In den Warenkorb\",\"tempQuantity\":0,\"animationStatus\":\"IDLE\",\"inTheCartText\":\"### im Warenkorb\",\"noticeId\":\"\",\"hasPressedButton\":false}'\n\t\t\t\t>\n\t\t\t\t\t<a\n\t\t\t\t\t\tclass=\"wp-block-button__link wp-element-button wc-block-components-product-button__button add_to_cart_button product_type_simple has-font-size has-small-font-size has-text-align-left wc-interactive\"\n\t\t\t\t\t\tstyle=\"\"\n\t\t\t\t\t\thref=\"\/z\/wp-json\/wp\/v2\/pages\/117?add-to-cart=295\" rel=\"nofollow\" data-product_id=\"295\" data-product_sku=\"3268dc03717b\" aria-label=\"In den Warenkorb legen: \u201eK3. Knusprige H\u00fchnerbrust mit Pommes\u201c\"\n\t\t\t\t\t\tdata-wp-on--click=\"woocommerce\/product-collection::actions.viewProduct\"\n\t\t\t\t\t>\n\t\t\t\t\t<span >In den Warenkorb<\/span>\n\t\t\t\t\t<\/a>\n\t\t\t\t\t\n\t\t\t\t<\/div>\n\n\t\t\t\t<\/li><li class=\"wc-block-product post-296 product type-product status-publish has-post-thumbnail product_cat-a-la-carte-kinderteller  instock purchasable product-type-simple\"\n\t\t\t\t\t\n\t\t\t\tdata-wp-interactive=\"woocommerce\/product-collection\"\n\t\t\t\tdata-wp-context='{\"productId\":296}'\n\t\t\t\tdata-wp-key=\"product-item-296\"\n\t\t\t\n\t\t\t\t>\n\t\t\t\t\t\n<h2 style=\"line-height:1.4; margin-bottom:0.75rem;margin-top:0;\" class=\"has-text-align-left wp-block-post-title has-medium-font-size\"><a data-wp-on--click=\"woocommerce\/product-collection::actions.viewProduct\" href=\"http:\/\/restaurant-mauer.at\/z\/produkt\/k4-knusprige-ente-mit-pommes\/\" target=\"_self\" >K4. Knusprige Ente mit Pommes<\/a><\/h2>\n\n<div data-block-name=\"woocommerce\/product-price\" data-font-size=\"small\" data-is-descendent-of-query-loop=\"true\" data-text-align=\"right\" class=\"has-font-size has-small-font-size has-text-align-right wp-block-woocommerce-product-price has-small-font-size\" ><div class=\"wc-block-components-product-price wc-block-grid__product-price\" >\n\t\t\t\t\t<span class=\"woocommerce-Price-amount amount\"><bdi><span class=\"woocommerce-Price-currencySymbol\">&euro;<\/span>&nbsp;9,50<\/bdi><\/span>\n\t\t\t\t<\/div><\/div>\n\n<div data-block-name=\"woocommerce\/product-button\" data-font-size=\"small\" data-is-descendent-of-query-loop=\"true\" data-text-align=\"left\" data-width=\"75\" class=\"wp-block-button wc-block-components-product-button  has-custom-width wp-block-button__width-75 align-left wp-block-woocommerce-product-button has-small-font-size\"\n\t\t\t\t\t\n\t\t\t\t\tdata-wp-context='{\"quantityToAdd\":1,\"productId\":296,\"productType\":\"simple\",\"addToCartText\":\"In den Warenkorb\",\"tempQuantity\":0,\"animationStatus\":\"IDLE\",\"inTheCartText\":\"### im Warenkorb\",\"noticeId\":\"\",\"hasPressedButton\":false}'\n\t\t\t\t>\n\t\t\t\t\t<a\n\t\t\t\t\t\tclass=\"wp-block-button__link wp-element-button wc-block-components-product-button__button add_to_cart_button product_type_simple has-font-size has-small-font-size has-text-align-left wc-interactive\"\n\t\t\t\t\t\tstyle=\"\"\n\t\t\t\t\t\thref=\"\/z\/wp-json\/wp\/v2\/pages\/117?add-to-cart=296\" rel=\"nofollow\" data-product_id=\"296\" data-product_sku=\"776a1235a343\" aria-label=\"In den Warenkorb legen: \u201eK4. Knusprige Ente mit Pommes\u201c\"\n\t\t\t\t\t\tdata-wp-on--click=\"woocommerce\/product-collection::actions.viewProduct\"\n\t\t\t\t\t>\n\t\t\t\t\t<span >In den Warenkorb<\/span>\n\t\t\t\t\t<\/a>\n\t\t\t\t\t\n\t\t\t\t<\/div>\n\n\t\t\t\t<\/li><\/ul><\/div>\n<\/main>\n","protected":false},"excerpt":{"rendered":"<p>A La Carte \/ Spezialit\u00e4ten \/ Sushi &amp; Maki \/ Men\u00fc \/ Getr\u00e4nke Vorspeise Suppe Salat Schweinefleisch H\u00fchnerfleisch Ente Rindfleisch Fisch &amp; Garnelen Gem\u00fcse Nudel Reis Kinderteller Beilage Dessert Sauce<\/p>\n","protected":false},"author":1,"featured_media":0,"parent":93,"menu_order":0,"comment_status":"closed","ping_status":"closed","template":"","meta":{"footnotes":""},"class_list":["post-117","page","type-page","status-publish","hentry"],"_links":{"self":[{"href":"http:\/\/restaurant-mauer.at\/z\/wp-json\/wp\/v2\/pages\/117","targetHints":{"allow":["GET"]}}],"collection":[{"href":"http:\/\/restaurant-mauer.at\/z\/wp-json\/wp\/v2\/pages"}],"about":[{"href":"http:\/\/restaurant-mauer.at\/z\/wp-json\/wp\/v2\/types\/page"}],"author":[{"embeddable":true,"href":"http:\/\/restaurant-mauer.at\/z\/wp-json\/wp\/v2\/users\/1"}],"replies":[{"embeddable":true,"href":"http:\/\/restaurant-mauer.at\/z\/wp-json\/wp\/v2\/comments?post=117"}],"version-history":[{"count":4,"href":"http:\/\/restaurant-mauer.at\/z\/wp-json\/wp\/v2\/pages\/117\/revisions"}],"predecessor-version":[{"id":1469,"href":"http:\/\/restaurant-mauer.at\/z\/wp-json\/wp\/v2\/pages\/117\/revisions\/1469"}],"up":[{"embeddable":true,"href":"http:\/\/restaurant-mauer.at\/z\/wp-json\/wp\/v2\/pages\/93"}],"wp:attachment":[{"href":"http:\/\/restaurant-mauer.at\/z\/wp-json\/wp\/v2\/media?parent=117"}],"curies":[{"name":"wp","href":"https:\/\/api.w.org\/{rel}","templated":true}]}}