{"id":161,"date":"2025-09-16T18:54:56","date_gmt":"2025-09-16T16:54:56","guid":{"rendered":"http:\/\/restaurant-mauer.at\/bestellseite\/?page_id=161"},"modified":"2025-10-11T16:00:36","modified_gmt":"2025-10-11T14:00:36","slug":"getraenke","status":"publish","type":"page","link":"http:\/\/restaurant-mauer.at\/z\/getraenke\/","title":{"rendered":"Getr\u00e4nke"},"content":{"rendered":"\n<main class=\"wp-block-group has-global-padding is-layout-constrained wp-container-core-group-is-layout-867e0672 wp-block-group-is-layout-constrained\">\n<p class=\"has-small-font-size\" style=\"margin-bottom:var(--wp--preset--spacing--30)\"><a href=\"http:\/\/restaurant-mauer.at\/z\/a-la-carte\/\" data-type=\"page\" data-id=\"93\">A La Carte<\/a> \/ <a href=\"http:\/\/restaurant-mauer.at\/z\/spezialitaeten\/\" data-type=\"page\" data-id=\"125\">Spezialit\u00e4ten<\/a> \/ <a href=\"http:\/\/restaurant-mauer.at\/z\/sushi-maki\/\" data-type=\"page\" data-id=\"143\">Sushi &amp; Maki<\/a> \/ <a href=\"http:\/\/restaurant-mauer.at\/z\/menue\/\" data-type=\"page\" data-id=\"155\">Men\u00fc<\/a> \/ <a href=\"http:\/\/restaurant-mauer.at\/z\/getraenke\/\" data-type=\"page\" data-id=\"161\"><strong>Getr\u00e4nke<\/strong><\/a><\/p>\n\n\n\n<div class=\"wp-block-group has-small-font-size is-layout-grid wp-container-core-group-is-layout-fba9d963 wp-block-group-is-layout-grid\" style=\"margin-bottom:var(--wp--preset--spacing--30)\">\n<p class=\"wp-container-content-65aae1f9\"><a href=\"http:\/\/restaurant-mauer.at\/z\/getraenke\/alkoholfreies-getraenke\/\" data-type=\"page\" data-id=\"460\">Alkoholfreie Getr\u00e4nke<\/a><\/p>\n\n\n\n<p><a href=\"http:\/\/restaurant-mauer.at\/z\/getraenke\/alkoholische-getraenke\/\" data-type=\"page\" data-id=\"458\">Alkoholische Getr\u00e4nke<\/a><\/p>\n<\/div>\n<\/main>\n","protected":false},"excerpt":{"rendered":"<p>A La Carte \/ Spezialit\u00e4ten \/ Sushi &amp; Maki \/ Men\u00fc \/ Getr\u00e4nke Alkoholfreie Getr\u00e4nke Alkoholische Getr\u00e4nke<\/p>\n","protected":false},"author":1,"featured_media":0,"parent":0,"menu_order":0,"comment_status":"closed","ping_status":"closed","template":"","meta":{"footnotes":""},"class_list":["post-161","page","type-page","status-publish","hentry"],"_links":{"self":[{"href":"http:\/\/restaurant-mauer.at\/z\/wp-json\/wp\/v2\/pages\/161","targetHints":{"allow":["GET"]}}],"collection":[{"href":"http:\/\/restaurant-mauer.at\/z\/wp-json\/wp\/v2\/pages"}],"about":[{"href":"http:\/\/restaurant-mauer.at\/z\/wp-json\/wp\/v2\/types\/page"}],"author":[{"embeddable":true,"href":"http:\/\/restaurant-mauer.at\/z\/wp-json\/wp\/v2\/users\/1"}],"replies":[{"embeddable":true,"href":"http:\/\/restaurant-mauer.at\/z\/wp-json\/wp\/v2\/comments?post=161"}],"version-history":[{"count":8,"href":"http:\/\/restaurant-mauer.at\/z\/wp-json\/wp\/v2\/pages\/161\/revisions"}],"predecessor-version":[{"id":1380,"href":"http:\/\/restaurant-mauer.at\/z\/wp-json\/wp\/v2\/pages\/161\/revisions\/1380"}],"wp:attachment":[{"href":"http:\/\/restaurant-mauer.at\/z\/wp-json\/wp\/v2\/media?parent=161"}],"curies":[{"name":"wp","href":"https:\/\/api.w.org\/{rel}","templated":true}]}}