{"id":93,"date":"2025-09-16T18:41:40","date_gmt":"2025-09-16T16:41:40","guid":{"rendered":"http:\/\/restaurant-mauer.at\/bestellseite\/?page_id=93"},"modified":"2025-10-22T18:11:35","modified_gmt":"2025-10-22T16:11:35","slug":"a-la-carte","status":"publish","type":"page","link":"http:\/\/restaurant-mauer.at\/z\/a-la-carte\/","title":{"rendered":"a la carte"},"content":{"rendered":"\n<main class=\"wp-block-group has-global-padding is-layout-constrained wp-container-core-group-is-layout-867e0672 wp-block-group-is-layout-constrained\">\n<p class=\"has-small-font-size\" style=\"margin-bottom:var(--wp--preset--spacing--30)\"><a href=\"http:\/\/restaurant-mauer.at\/z\/a-la-carte\/\" data-type=\"page\" data-id=\"93\"><strong>A La Carte<\/strong><\/a> \/ <a href=\"http:\/\/restaurant-mauer.at\/z\/spezialitaeten\/\" data-type=\"page\" data-id=\"125\">Spezialit\u00e4ten<\/a> \/ <a href=\"http:\/\/restaurant-mauer.at\/z\/sushi-maki\/\" data-type=\"page\" data-id=\"143\">Sushi &amp; Maki<\/a> \/ <a href=\"http:\/\/restaurant-mauer.at\/z\/menue\/\" data-type=\"page\" data-id=\"155\">Men\u00fc<\/a> \/ <a href=\"http:\/\/restaurant-mauer.at\/z\/getraenke\/\" data-type=\"page\" data-id=\"161\">Getr\u00e4nke<\/a><\/p>\n\n\n\n<div class=\"wp-block-group has-small-font-size is-layout-grid wp-container-core-group-is-layout-fba9d963 wp-block-group-is-layout-grid\" style=\"margin-bottom:var(--wp--preset--spacing--30)\">\n<p class=\"wp-container-content-65aae1f9\"><a href=\"http:\/\/restaurant-mauer.at\/z\/a-la-carte\/vorspeise\/\" data-type=\"page\" data-id=\"95\">Vorspeise<\/a><\/p>\n\n\n\n<p><a href=\"http:\/\/restaurant-mauer.at\/z\/a-la-carte\/suppe\/\" data-type=\"page\" data-id=\"97\">Suppe<\/a><\/p>\n\n\n\n<p><a href=\"http:\/\/restaurant-mauer.at\/z\/a-la-carte\/salat\/\" data-type=\"page\" data-id=\"99\">Salat<\/a><\/p>\n\n\n\n<p class=\"wp-container-content-65aae1f9\"><a href=\"http:\/\/restaurant-mauer.at\/z\/a-la-carte\/schweinefleisch\/\" data-type=\"page\" data-id=\"101\">Schweinefleisch<\/a><\/p>\n\n\n\n<p class=\"wp-container-content-65aae1f9\"><a href=\"http:\/\/restaurant-mauer.at\/z\/a-la-carte\/huehnerfleisch-2\/\" data-type=\"page\" data-id=\"133\">H\u00fchnerfleisch<\/a><\/p>\n\n\n\n<p class=\"wp-container-content-65aae1f9\"><a href=\"http:\/\/restaurant-mauer.at\/z\/a-la-carte\/ente\/\" data-type=\"page\" data-id=\"105\">Ente<\/a><\/p>\n\n\n\n<p class=\"wp-container-content-65aae1f9\"><a href=\"http:\/\/restaurant-mauer.at\/z\/a-la-carte\/rindfleisch\/\" data-type=\"page\" data-id=\"107\">Rindfleisch<\/a><\/p>\n\n\n\n<p class=\"wp-container-content-65aae1f9\"><a href=\"http:\/\/restaurant-mauer.at\/z\/a-la-carte\/fisch-garnele\/\" data-type=\"page\" data-id=\"109\">Fisch &amp; Garnelen<\/a><\/p>\n\n\n\n<p class=\"wp-container-content-65aae1f9\"><a href=\"http:\/\/restaurant-mauer.at\/z\/a-la-carte\/gemuese\/\" data-type=\"page\" data-id=\"111\">Gem\u00fcse<\/a><\/p>\n\n\n\n<p class=\"wp-container-content-65aae1f9\"><a href=\"http:\/\/restaurant-mauer.at\/z\/a-la-carte\/nudel\/\" data-type=\"page\" data-id=\"113\">Nudel<\/a><\/p>\n\n\n\n<p class=\"wp-container-content-65aae1f9\"><a href=\"http:\/\/restaurant-mauer.at\/z\/a-la-carte\/reis\/\" data-type=\"page\" data-id=\"115\">Reis<\/a><\/p>\n\n\n\n<p><a href=\"http:\/\/restaurant-mauer.at\/z\/a-la-carte\/kinderteller\/\" data-type=\"page\" data-id=\"117\">Kinderteller<\/a><\/p>\n\n\n\n<p class=\"wp-container-content-65aae1f9\"><a href=\"http:\/\/restaurant-mauer.at\/z\/a-la-carte\/beilage\/\" data-type=\"page\" data-id=\"119\">Beilage<\/a><\/p>\n\n\n\n<p><a href=\"http:\/\/restaurant-mauer.at\/z\/a-la-carte\/dessert\/\" data-type=\"page\" data-id=\"121\">Dessert<\/a><\/p>\n\n\n\n<p class=\"wp-container-content-65aae1f9\"><a href=\"http:\/\/restaurant-mauer.at\/z\/a-la-carte\/sauce-staebchen\/\" data-type=\"page\" data-id=\"123\">Sauce<\/a><\/p>\n<\/div>\n<\/main>\n","protected":false},"excerpt":{"rendered":"<p>A La Carte \/ Spezialit\u00e4ten \/ Sushi &amp; Maki \/ Men\u00fc \/ Getr\u00e4nke Vorspeise Suppe Salat Schweinefleisch H\u00fchnerfleisch Ente Rindfleisch Fisch &amp; Garnelen Gem\u00fcse Nudel Reis Kinderteller Beilage Dessert Sauce<\/p>\n","protected":false},"author":1,"featured_media":0,"parent":0,"menu_order":0,"comment_status":"closed","ping_status":"closed","template":"","meta":{"footnotes":""},"class_list":["post-93","page","type-page","status-publish","hentry"],"_links":{"self":[{"href":"http:\/\/restaurant-mauer.at\/z\/wp-json\/wp\/v2\/pages\/93","targetHints":{"allow":["GET"]}}],"collection":[{"href":"http:\/\/restaurant-mauer.at\/z\/wp-json\/wp\/v2\/pages"}],"about":[{"href":"http:\/\/restaurant-mauer.at\/z\/wp-json\/wp\/v2\/types\/page"}],"author":[{"embeddable":true,"href":"http:\/\/restaurant-mauer.at\/z\/wp-json\/wp\/v2\/users\/1"}],"replies":[{"embeddable":true,"href":"http:\/\/restaurant-mauer.at\/z\/wp-json\/wp\/v2\/comments?post=93"}],"version-history":[{"count":6,"href":"http:\/\/restaurant-mauer.at\/z\/wp-json\/wp\/v2\/pages\/93\/revisions"}],"predecessor-version":[{"id":1457,"href":"http:\/\/restaurant-mauer.at\/z\/wp-json\/wp\/v2\/pages\/93\/revisions\/1457"}],"wp:attachment":[{"href":"http:\/\/restaurant-mauer.at\/z\/wp-json\/wp\/v2\/media?parent=93"}],"curies":[{"name":"wp","href":"https:\/\/api.w.org\/{rel}","templated":true}]}}