{"id":196,"date":"2025-09-19T14:25:23","date_gmt":"2025-09-19T12:25:23","guid":{"rendered":"http:\/\/restaurant-mauer.at\/bestellseite\/produkt\/5-jiao-zi-2\/"},"modified":"2025-09-27T19:43:49","modified_gmt":"2025-09-27T17:43:49","slug":"5-jiao-zi","status":"publish","type":"product","link":"http:\/\/restaurant-mauer.at\/z\/produkt\/5-jiao-zi\/","title":{"rendered":"5. Jiao Zi"},"content":{"rendered":"","protected":false},"excerpt":{"rendered":"<p>mit Fleisch und Gem\u00fcse gef\u00fcllt, Salat und Spezial Sauce (6 Teigtaschen) (K\u00fcche China) (Allergeneinformationen: Glutenhaltiges Getreide, Eier, Soja)<\/p>\n","protected":false},"featured_media":539,"comment_status":"closed","ping_status":"closed","template":"","meta":[],"product_brand":[],"product_cat":[70],"product_tag":[],"class_list":{"0":"post-196","1":"product","2":"type-product","3":"status-publish","4":"has-post-thumbnail","6":"product_cat-a-la-carte-vorspeise","8":"first","9":"instock","10":"purchasable","11":"product-type-simple"},"_links":{"self":[{"href":"http:\/\/restaurant-mauer.at\/z\/wp-json\/wp\/v2\/product\/196","targetHints":{"allow":["GET"]}}],"collection":[{"href":"http:\/\/restaurant-mauer.at\/z\/wp-json\/wp\/v2\/product"}],"about":[{"href":"http:\/\/restaurant-mauer.at\/z\/wp-json\/wp\/v2\/types\/product"}],"replies":[{"embeddable":true,"href":"http:\/\/restaurant-mauer.at\/z\/wp-json\/wp\/v2\/comments?post=196"}],"wp:featuredmedia":[{"embeddable":true,"href":"http:\/\/restaurant-mauer.at\/z\/wp-json\/wp\/v2\/media\/539"}],"wp:attachment":[{"href":"http:\/\/restaurant-mauer.at\/z\/wp-json\/wp\/v2\/media?parent=196"}],"wp:term":[{"taxonomy":"product_brand","embeddable":true,"href":"http:\/\/restaurant-mauer.at\/z\/wp-json\/wp\/v2\/product_brand?post=196"},{"taxonomy":"product_cat","embeddable":true,"href":"http:\/\/restaurant-mauer.at\/z\/wp-json\/wp\/v2\/product_cat?post=196"},{"taxonomy":"product_tag","embeddable":true,"href":"http:\/\/restaurant-mauer.at\/z\/wp-json\/wp\/v2\/product_tag?post=196"}],"curies":[{"name":"wp","href":"https:\/\/api.w.org\/{rel}","templated":true}]}}