{"id":200,"date":"2025-09-19T14:25:23","date_gmt":"2025-09-19T12:25:23","guid":{"rendered":"http:\/\/restaurant-mauer.at\/bestellseite\/produkt\/9-cha-nem-mini-fruehlingsrolle-2\/"},"modified":"2025-09-27T19:52:11","modified_gmt":"2025-09-27T17:52:11","slug":"9-cha-nem-mini-fruehlingsrolle-2","status":"publish","type":"product","link":"http:\/\/restaurant-mauer.at\/z\/produkt\/9-cha-nem-mini-fruehlingsrolle-2\/","title":{"rendered":"9. Cha Nem Mini Fr\u00fchlingsrolle"},"content":{"rendered":"","protected":false},"excerpt":{"rendered":"<p>mit Schweinefleisch, Sojasprossen, Glasnudeln, Gem\u00fcse und S\u00fc\u00df Chili Sauce (K\u00fcche Vietnam) (Allergeneinformationen: Soja)<\/p>\n","protected":false},"featured_media":539,"comment_status":"closed","ping_status":"closed","template":"","meta":[],"product_brand":[],"product_cat":[70],"product_tag":[],"class_list":{"0":"post-200","1":"product","2":"type-product","3":"status-publish","4":"has-post-thumbnail","6":"product_cat-a-la-carte-vorspeise","8":"first","9":"instock","10":"purchasable","11":"product-type-simple"},"_links":{"self":[{"href":"http:\/\/restaurant-mauer.at\/z\/wp-json\/wp\/v2\/product\/200","targetHints":{"allow":["GET"]}}],"collection":[{"href":"http:\/\/restaurant-mauer.at\/z\/wp-json\/wp\/v2\/product"}],"about":[{"href":"http:\/\/restaurant-mauer.at\/z\/wp-json\/wp\/v2\/types\/product"}],"replies":[{"embeddable":true,"href":"http:\/\/restaurant-mauer.at\/z\/wp-json\/wp\/v2\/comments?post=200"}],"wp:featuredmedia":[{"embeddable":true,"href":"http:\/\/restaurant-mauer.at\/z\/wp-json\/wp\/v2\/media\/539"}],"wp:attachment":[{"href":"http:\/\/restaurant-mauer.at\/z\/wp-json\/wp\/v2\/media?parent=200"}],"wp:term":[{"taxonomy":"product_brand","embeddable":true,"href":"http:\/\/restaurant-mauer.at\/z\/wp-json\/wp\/v2\/product_brand?post=200"},{"taxonomy":"product_cat","embeddable":true,"href":"http:\/\/restaurant-mauer.at\/z\/wp-json\/wp\/v2\/product_cat?post=200"},{"taxonomy":"product_tag","embeddable":true,"href":"http:\/\/restaurant-mauer.at\/z\/wp-json\/wp\/v2\/product_tag?post=200"}],"curies":[{"name":"wp","href":"https:\/\/api.w.org\/{rel}","templated":true}]}}