{"id":223,"date":"2025-09-19T14:25:27","date_gmt":"2025-09-19T12:25:27","guid":{"rendered":"http:\/\/restaurant-mauer.at\/bestellseite\/produkt\/23-gu-lao-rou-schweinefleisch\/"},"modified":"2025-09-27T19:37:24","modified_gmt":"2025-09-27T17:37:24","slug":"23-gu-lao-rou-schweinefleisch","status":"publish","type":"product","link":"http:\/\/restaurant-mauer.at\/z\/produkt\/23-gu-lao-rou-schweinefleisch\/","title":{"rendered":"23. Gu Lao Rou Schweinefleisch"},"content":{"rendered":"","protected":false},"excerpt":{"rendered":"<p>im Teig gebacken mit Ananasst\u00fccken in s\u00fc\u00dfsauer Sauce (K\u00fcche China) (Allergeneinformationen: Glutenhaltiges Getreide)<\/p>\n","protected":false},"featured_media":539,"comment_status":"closed","ping_status":"closed","template":"","meta":[],"product_brand":[],"product_cat":[73],"product_tag":[],"class_list":{"0":"post-223","1":"product","2":"type-product","3":"status-publish","4":"has-post-thumbnail","6":"product_cat-a-la-carte-schweinefleisch","8":"first","9":"instock","10":"purchasable","11":"product-type-simple"},"_links":{"self":[{"href":"http:\/\/restaurant-mauer.at\/z\/wp-json\/wp\/v2\/product\/223","targetHints":{"allow":["GET"]}}],"collection":[{"href":"http:\/\/restaurant-mauer.at\/z\/wp-json\/wp\/v2\/product"}],"about":[{"href":"http:\/\/restaurant-mauer.at\/z\/wp-json\/wp\/v2\/types\/product"}],"replies":[{"embeddable":true,"href":"http:\/\/restaurant-mauer.at\/z\/wp-json\/wp\/v2\/comments?post=223"}],"wp:featuredmedia":[{"embeddable":true,"href":"http:\/\/restaurant-mauer.at\/z\/wp-json\/wp\/v2\/media\/539"}],"wp:attachment":[{"href":"http:\/\/restaurant-mauer.at\/z\/wp-json\/wp\/v2\/media?parent=223"}],"wp:term":[{"taxonomy":"product_brand","embeddable":true,"href":"http:\/\/restaurant-mauer.at\/z\/wp-json\/wp\/v2\/product_brand?post=223"},{"taxonomy":"product_cat","embeddable":true,"href":"http:\/\/restaurant-mauer.at\/z\/wp-json\/wp\/v2\/product_cat?post=223"},{"taxonomy":"product_tag","embeddable":true,"href":"http:\/\/restaurant-mauer.at\/z\/wp-json\/wp\/v2\/product_tag?post=223"}],"curies":[{"name":"wp","href":"https:\/\/api.w.org\/{rel}","templated":true}]}}