{"id":224,"date":"2025-09-19T14:25:27","date_gmt":"2025-09-19T12:25:27","guid":{"rendered":"http:\/\/restaurant-mauer.at\/bestellseite\/produkt\/24-schweinefleisch-tie-ban\/"},"modified":"2025-09-27T19:37:33","modified_gmt":"2025-09-27T17:37:33","slug":"24-schweinefleisch-tie-ban","status":"publish","type":"product","link":"http:\/\/restaurant-mauer.at\/z\/produkt\/24-schweinefleisch-tie-ban\/","title":{"rendered":"24. Schweinefleisch Tie Ban"},"content":{"rendered":"","protected":false},"excerpt":{"rendered":"<p>mit exotischem Gem\u00fcse und Gew\u00fcrze auf hei\u00dfer Grillplatte (scharf) (K\u00fcche China) (Allergeneinformationen: Soja)<\/p>\n","protected":false},"featured_media":539,"comment_status":"closed","ping_status":"closed","template":"","meta":[],"product_brand":[],"product_cat":[73],"product_tag":[],"class_list":{"0":"post-224","1":"product","2":"type-product","3":"status-publish","4":"has-post-thumbnail","6":"product_cat-a-la-carte-schweinefleisch","8":"first","9":"instock","10":"purchasable","11":"product-type-simple"},"_links":{"self":[{"href":"http:\/\/restaurant-mauer.at\/z\/wp-json\/wp\/v2\/product\/224","targetHints":{"allow":["GET"]}}],"collection":[{"href":"http:\/\/restaurant-mauer.at\/z\/wp-json\/wp\/v2\/product"}],"about":[{"href":"http:\/\/restaurant-mauer.at\/z\/wp-json\/wp\/v2\/types\/product"}],"replies":[{"embeddable":true,"href":"http:\/\/restaurant-mauer.at\/z\/wp-json\/wp\/v2\/comments?post=224"}],"wp:featuredmedia":[{"embeddable":true,"href":"http:\/\/restaurant-mauer.at\/z\/wp-json\/wp\/v2\/media\/539"}],"wp:attachment":[{"href":"http:\/\/restaurant-mauer.at\/z\/wp-json\/wp\/v2\/media?parent=224"}],"wp:term":[{"taxonomy":"product_brand","embeddable":true,"href":"http:\/\/restaurant-mauer.at\/z\/wp-json\/wp\/v2\/product_brand?post=224"},{"taxonomy":"product_cat","embeddable":true,"href":"http:\/\/restaurant-mauer.at\/z\/wp-json\/wp\/v2\/product_cat?post=224"},{"taxonomy":"product_tag","embeddable":true,"href":"http:\/\/restaurant-mauer.at\/z\/wp-json\/wp\/v2\/product_tag?post=224"}],"curies":[{"name":"wp","href":"https:\/\/api.w.org\/{rel}","templated":true}]}}