{"id":226,"date":"2025-09-19T14:25:27","date_gmt":"2025-09-19T12:25:27","guid":{"rendered":"http:\/\/restaurant-mauer.at\/bestellseite\/produkt\/28-huehnerfleisch-mit-cashewnuss\/"},"modified":"2025-09-27T19:37:55","modified_gmt":"2025-09-27T17:37:55","slug":"28-huehnerfleisch-mit-cashewnuss","status":"publish","type":"product","link":"http:\/\/restaurant-mauer.at\/z\/produkt\/28-huehnerfleisch-mit-cashewnuss\/","title":{"rendered":"28. H\u00fchnerfleisch mit Cashewnuss"},"content":{"rendered":"","protected":false},"excerpt":{"rendered":"<p>und Saisongem\u00fcse (scharf) (K\u00fcche China) (Allergeneinformationen: Soja, N\u00fcsse)<\/p>\n","protected":false},"featured_media":539,"comment_status":"closed","ping_status":"closed","template":"","meta":[],"product_brand":[],"product_cat":[74],"product_tag":[],"class_list":{"0":"post-226","1":"product","2":"type-product","3":"status-publish","4":"has-post-thumbnail","6":"product_cat-a-la-carte-huehnerfleisch","8":"first","9":"instock","10":"purchasable","11":"product-type-simple"},"_links":{"self":[{"href":"http:\/\/restaurant-mauer.at\/z\/wp-json\/wp\/v2\/product\/226","targetHints":{"allow":["GET"]}}],"collection":[{"href":"http:\/\/restaurant-mauer.at\/z\/wp-json\/wp\/v2\/product"}],"about":[{"href":"http:\/\/restaurant-mauer.at\/z\/wp-json\/wp\/v2\/types\/product"}],"replies":[{"embeddable":true,"href":"http:\/\/restaurant-mauer.at\/z\/wp-json\/wp\/v2\/comments?post=226"}],"wp:featuredmedia":[{"embeddable":true,"href":"http:\/\/restaurant-mauer.at\/z\/wp-json\/wp\/v2\/media\/539"}],"wp:attachment":[{"href":"http:\/\/restaurant-mauer.at\/z\/wp-json\/wp\/v2\/media?parent=226"}],"wp:term":[{"taxonomy":"product_brand","embeddable":true,"href":"http:\/\/restaurant-mauer.at\/z\/wp-json\/wp\/v2\/product_brand?post=226"},{"taxonomy":"product_cat","embeddable":true,"href":"http:\/\/restaurant-mauer.at\/z\/wp-json\/wp\/v2\/product_cat?post=226"},{"taxonomy":"product_tag","embeddable":true,"href":"http:\/\/restaurant-mauer.at\/z\/wp-json\/wp\/v2\/product_tag?post=226"}],"curies":[{"name":"wp","href":"https:\/\/api.w.org\/{rel}","templated":true}]}}