{"id":235,"date":"2025-09-19T14:25:31","date_gmt":"2025-09-19T12:25:31","guid":{"rendered":"http:\/\/restaurant-mauer.at\/bestellseite\/produkt\/37-huehnerfleisch-chiang-tsu\/"},"modified":"2025-09-27T19:40:33","modified_gmt":"2025-09-27T17:40:33","slug":"37-huehnerfleisch-chiang-tsu","status":"publish","type":"product","link":"http:\/\/restaurant-mauer.at\/z\/produkt\/37-huehnerfleisch-chiang-tsu\/","title":{"rendered":"37. H\u00fchnerfleisch Chiang Tsu"},"content":{"rendered":"","protected":false},"excerpt":{"rendered":"<p>knusprigem H\u00fchnerfleisch auf gebratener Sojasprossen, mit Salat und Knoblauch Sauce (K\u00fcche China) (Allergeneinformationen: Glutenhaltiges Getreide, Soja)<\/p>\n","protected":false},"featured_media":539,"comment_status":"closed","ping_status":"closed","template":"","meta":[],"product_brand":[],"product_cat":[74],"product_tag":[],"class_list":{"0":"post-235","1":"product","2":"type-product","3":"status-publish","4":"has-post-thumbnail","6":"product_cat-a-la-carte-huehnerfleisch","8":"first","9":"instock","10":"purchasable","11":"product-type-simple"},"_links":{"self":[{"href":"http:\/\/restaurant-mauer.at\/z\/wp-json\/wp\/v2\/product\/235","targetHints":{"allow":["GET"]}}],"collection":[{"href":"http:\/\/restaurant-mauer.at\/z\/wp-json\/wp\/v2\/product"}],"about":[{"href":"http:\/\/restaurant-mauer.at\/z\/wp-json\/wp\/v2\/types\/product"}],"replies":[{"embeddable":true,"href":"http:\/\/restaurant-mauer.at\/z\/wp-json\/wp\/v2\/comments?post=235"}],"wp:featuredmedia":[{"embeddable":true,"href":"http:\/\/restaurant-mauer.at\/z\/wp-json\/wp\/v2\/media\/539"}],"wp:attachment":[{"href":"http:\/\/restaurant-mauer.at\/z\/wp-json\/wp\/v2\/media?parent=235"}],"wp:term":[{"taxonomy":"product_brand","embeddable":true,"href":"http:\/\/restaurant-mauer.at\/z\/wp-json\/wp\/v2\/product_brand?post=235"},{"taxonomy":"product_cat","embeddable":true,"href":"http:\/\/restaurant-mauer.at\/z\/wp-json\/wp\/v2\/product_cat?post=235"},{"taxonomy":"product_tag","embeddable":true,"href":"http:\/\/restaurant-mauer.at\/z\/wp-json\/wp\/v2\/product_tag?post=235"}],"curies":[{"name":"wp","href":"https:\/\/api.w.org\/{rel}","templated":true}]}}