{"id":237,"date":"2025-09-19T14:25:31","date_gmt":"2025-09-19T12:25:31","guid":{"rendered":"http:\/\/restaurant-mauer.at\/bestellseite\/produkt\/39-huehnerfleisch-spezial-mauer-nach-art-des-hauses\/"},"modified":"2025-09-27T19:41:13","modified_gmt":"2025-09-27T17:41:13","slug":"39-huehnerfleisch-spezial-mauer-nach-art-des-hauses","status":"publish","type":"product","link":"http:\/\/restaurant-mauer.at\/z\/produkt\/39-huehnerfleisch-spezial-mauer-nach-art-des-hauses\/","title":{"rendered":"39. H\u00fchnerfleisch Spezial Mauer nach Art des Hauses"},"content":{"rendered":"","protected":false},"excerpt":{"rendered":"<p>in s\u00fc\u00dfsauer scharfer Sauce (K\u00fcche China) (Allergeneinformationen: Soja)<\/p>\n","protected":false},"featured_media":539,"comment_status":"closed","ping_status":"closed","template":"","meta":[],"product_brand":[],"product_cat":[74],"product_tag":[],"class_list":{"0":"post-237","1":"product","2":"type-product","3":"status-publish","4":"has-post-thumbnail","6":"product_cat-a-la-carte-huehnerfleisch","8":"first","9":"instock","10":"purchasable","11":"product-type-simple"},"_links":{"self":[{"href":"http:\/\/restaurant-mauer.at\/z\/wp-json\/wp\/v2\/product\/237","targetHints":{"allow":["GET"]}}],"collection":[{"href":"http:\/\/restaurant-mauer.at\/z\/wp-json\/wp\/v2\/product"}],"about":[{"href":"http:\/\/restaurant-mauer.at\/z\/wp-json\/wp\/v2\/types\/product"}],"replies":[{"embeddable":true,"href":"http:\/\/restaurant-mauer.at\/z\/wp-json\/wp\/v2\/comments?post=237"}],"wp:featuredmedia":[{"embeddable":true,"href":"http:\/\/restaurant-mauer.at\/z\/wp-json\/wp\/v2\/media\/539"}],"wp:attachment":[{"href":"http:\/\/restaurant-mauer.at\/z\/wp-json\/wp\/v2\/media?parent=237"}],"wp:term":[{"taxonomy":"product_brand","embeddable":true,"href":"http:\/\/restaurant-mauer.at\/z\/wp-json\/wp\/v2\/product_brand?post=237"},{"taxonomy":"product_cat","embeddable":true,"href":"http:\/\/restaurant-mauer.at\/z\/wp-json\/wp\/v2\/product_cat?post=237"},{"taxonomy":"product_tag","embeddable":true,"href":"http:\/\/restaurant-mauer.at\/z\/wp-json\/wp\/v2\/product_tag?post=237"}],"curies":[{"name":"wp","href":"https:\/\/api.w.org\/{rel}","templated":true}]}}