{"id":263,"date":"2025-09-19T14:25:36","date_gmt":"2025-09-19T12:25:36","guid":{"rendered":"http:\/\/restaurant-mauer.at\/bestellseite\/produkt\/72-knusprige-garnelen\/"},"modified":"2025-09-27T19:50:52","modified_gmt":"2025-09-27T17:50:52","slug":"72-knusprige-garnelen","status":"publish","type":"product","link":"http:\/\/restaurant-mauer.at\/z\/produkt\/72-knusprige-garnelen\/","title":{"rendered":"72. Knusprige Garnelen"},"content":{"rendered":"","protected":false},"excerpt":{"rendered":"<p>mit Salat und S\u00fc\u00dfsauer-Sauce (leicht scharf) (K\u00fcche China) (Allergeneinformationen: Glutenhaltiges Getreide, Krebs)<\/p>\n","protected":false},"featured_media":539,"comment_status":"closed","ping_status":"closed","template":"","meta":[],"product_brand":[],"product_cat":[77],"product_tag":[],"class_list":{"0":"post-263","1":"product","2":"type-product","3":"status-publish","4":"has-post-thumbnail","6":"product_cat-a-la-carte-fisch-garnele","8":"first","9":"instock","10":"purchasable","11":"product-type-simple"},"_links":{"self":[{"href":"http:\/\/restaurant-mauer.at\/z\/wp-json\/wp\/v2\/product\/263","targetHints":{"allow":["GET"]}}],"collection":[{"href":"http:\/\/restaurant-mauer.at\/z\/wp-json\/wp\/v2\/product"}],"about":[{"href":"http:\/\/restaurant-mauer.at\/z\/wp-json\/wp\/v2\/types\/product"}],"replies":[{"embeddable":true,"href":"http:\/\/restaurant-mauer.at\/z\/wp-json\/wp\/v2\/comments?post=263"}],"wp:featuredmedia":[{"embeddable":true,"href":"http:\/\/restaurant-mauer.at\/z\/wp-json\/wp\/v2\/media\/539"}],"wp:attachment":[{"href":"http:\/\/restaurant-mauer.at\/z\/wp-json\/wp\/v2\/media?parent=263"}],"wp:term":[{"taxonomy":"product_brand","embeddable":true,"href":"http:\/\/restaurant-mauer.at\/z\/wp-json\/wp\/v2\/product_brand?post=263"},{"taxonomy":"product_cat","embeddable":true,"href":"http:\/\/restaurant-mauer.at\/z\/wp-json\/wp\/v2\/product_cat?post=263"},{"taxonomy":"product_tag","embeddable":true,"href":"http:\/\/restaurant-mauer.at\/z\/wp-json\/wp\/v2\/product_tag?post=263"}],"curies":[{"name":"wp","href":"https:\/\/api.w.org\/{rel}","templated":true}]}}