{"id":290,"date":"2025-09-19T14:25:40","date_gmt":"2025-09-19T12:25:40","guid":{"rendered":"http:\/\/restaurant-mauer.at\/bestellseite\/produkt\/125-nudeln-shang-xian\/"},"modified":"2026-03-13T07:41:50","modified_gmt":"2026-03-13T06:41:50","slug":"125-nudeln-shang-xian","status":"publish","type":"product","link":"http:\/\/restaurant-mauer.at\/z\/produkt\/125-nudeln-shang-xian\/","title":{"rendered":"125. Nudeln Shang Xian"},"content":{"rendered":"","protected":false},"excerpt":{"rendered":"<p>gebratene Nudeln mit Gem\u00fcse und 3 Sorten Fleisch (Schweine-, H\u00fchnerfleisch und Schinken) (K\u00fcche China) (Allergeneinformationen: Glutenhaltiges Getreide, Eier, Soja)<\/p>\n","protected":false},"featured_media":539,"comment_status":"closed","ping_status":"closed","template":"","meta":[],"product_brand":[],"product_cat":[80],"product_tag":[],"class_list":{"0":"post-290","1":"product","2":"type-product","3":"status-publish","4":"has-post-thumbnail","6":"product_cat-a-la-carte-nudel","8":"first","9":"instock","10":"purchasable","11":"product-type-simple"},"_links":{"self":[{"href":"http:\/\/restaurant-mauer.at\/z\/wp-json\/wp\/v2\/product\/290","targetHints":{"allow":["GET"]}}],"collection":[{"href":"http:\/\/restaurant-mauer.at\/z\/wp-json\/wp\/v2\/product"}],"about":[{"href":"http:\/\/restaurant-mauer.at\/z\/wp-json\/wp\/v2\/types\/product"}],"replies":[{"embeddable":true,"href":"http:\/\/restaurant-mauer.at\/z\/wp-json\/wp\/v2\/comments?post=290"}],"wp:featuredmedia":[{"embeddable":true,"href":"http:\/\/restaurant-mauer.at\/z\/wp-json\/wp\/v2\/media\/539"}],"wp:attachment":[{"href":"http:\/\/restaurant-mauer.at\/z\/wp-json\/wp\/v2\/media?parent=290"}],"wp:term":[{"taxonomy":"product_brand","embeddable":true,"href":"http:\/\/restaurant-mauer.at\/z\/wp-json\/wp\/v2\/product_brand?post=290"},{"taxonomy":"product_cat","embeddable":true,"href":"http:\/\/restaurant-mauer.at\/z\/wp-json\/wp\/v2\/product_cat?post=290"},{"taxonomy":"product_tag","embeddable":true,"href":"http:\/\/restaurant-mauer.at\/z\/wp-json\/wp\/v2\/product_tag?post=290"}],"curies":[{"name":"wp","href":"https:\/\/api.w.org\/{rel}","templated":true}]}}