{"id":292,"date":"2025-09-19T14:25:44","date_gmt":"2025-09-19T12:25:44","guid":{"rendered":"http:\/\/restaurant-mauer.at\/bestellseite\/produkt\/127-gebratene-reisnudeln-shang-xian\/"},"modified":"2025-09-27T19:29:20","modified_gmt":"2025-09-27T17:29:20","slug":"127-gebratene-reisnudeln-shang-xian","status":"publish","type":"product","link":"http:\/\/restaurant-mauer.at\/z\/produkt\/127-gebratene-reisnudeln-shang-xian\/","title":{"rendered":"127. Gebratene Reisnudeln Shang Xian"},"content":{"rendered":"","protected":false},"excerpt":{"rendered":"<p>mit Gem\u00fcse und drei Sortenfleisch (Schweine-, H\u00fchnerfleisch und Schinken) (K\u00fcche China) (Allergeneinformationen: Soja)<\/p>\n","protected":false},"featured_media":539,"comment_status":"closed","ping_status":"closed","template":"","meta":[],"product_brand":[],"product_cat":[80],"product_tag":[],"class_list":{"0":"post-292","1":"product","2":"type-product","3":"status-publish","4":"has-post-thumbnail","6":"product_cat-a-la-carte-nudel","8":"first","9":"instock","10":"purchasable","11":"product-type-simple"},"_links":{"self":[{"href":"http:\/\/restaurant-mauer.at\/z\/wp-json\/wp\/v2\/product\/292","targetHints":{"allow":["GET"]}}],"collection":[{"href":"http:\/\/restaurant-mauer.at\/z\/wp-json\/wp\/v2\/product"}],"about":[{"href":"http:\/\/restaurant-mauer.at\/z\/wp-json\/wp\/v2\/types\/product"}],"replies":[{"embeddable":true,"href":"http:\/\/restaurant-mauer.at\/z\/wp-json\/wp\/v2\/comments?post=292"}],"wp:featuredmedia":[{"embeddable":true,"href":"http:\/\/restaurant-mauer.at\/z\/wp-json\/wp\/v2\/media\/539"}],"wp:attachment":[{"href":"http:\/\/restaurant-mauer.at\/z\/wp-json\/wp\/v2\/media?parent=292"}],"wp:term":[{"taxonomy":"product_brand","embeddable":true,"href":"http:\/\/restaurant-mauer.at\/z\/wp-json\/wp\/v2\/product_brand?post=292"},{"taxonomy":"product_cat","embeddable":true,"href":"http:\/\/restaurant-mauer.at\/z\/wp-json\/wp\/v2\/product_cat?post=292"},{"taxonomy":"product_tag","embeddable":true,"href":"http:\/\/restaurant-mauer.at\/z\/wp-json\/wp\/v2\/product_tag?post=292"}],"curies":[{"name":"wp","href":"https:\/\/api.w.org\/{rel}","templated":true}]}}