{"id":294,"date":"2025-09-19T14:25:44","date_gmt":"2025-09-19T12:25:44","guid":{"rendered":"http:\/\/restaurant-mauer.at\/bestellseite\/produkt\/k2-gebratene-nudeln-mit-huehnerfleisch\/"},"modified":"2025-09-27T20:51:51","modified_gmt":"2025-09-27T18:51:51","slug":"k2-gebratene-nudeln-mit-huehnerfleisch","status":"publish","type":"product","link":"http:\/\/restaurant-mauer.at\/z\/produkt\/k2-gebratene-nudeln-mit-huehnerfleisch\/","title":{"rendered":"K2. Gebratene Nudeln mit H\u00fchnerfleisch"},"content":{"rendered":"","protected":false},"excerpt":{"rendered":"<p>in Tomaten Sauce f\u00fcr Kinder (K\u00fcche China) (Allergeneinformationen: Glutenhaltiges Getreide Eier, Soja)<\/p>\n","protected":false},"featured_media":539,"comment_status":"closed","ping_status":"closed","template":"","meta":[],"product_brand":[],"product_cat":[81],"product_tag":[],"class_list":{"0":"post-294","1":"product","2":"type-product","3":"status-publish","4":"has-post-thumbnail","6":"product_cat-a-la-carte-kinderteller","8":"first","9":"instock","10":"purchasable","11":"product-type-simple"},"_links":{"self":[{"href":"http:\/\/restaurant-mauer.at\/z\/wp-json\/wp\/v2\/product\/294","targetHints":{"allow":["GET"]}}],"collection":[{"href":"http:\/\/restaurant-mauer.at\/z\/wp-json\/wp\/v2\/product"}],"about":[{"href":"http:\/\/restaurant-mauer.at\/z\/wp-json\/wp\/v2\/types\/product"}],"replies":[{"embeddable":true,"href":"http:\/\/restaurant-mauer.at\/z\/wp-json\/wp\/v2\/comments?post=294"}],"wp:featuredmedia":[{"embeddable":true,"href":"http:\/\/restaurant-mauer.at\/z\/wp-json\/wp\/v2\/media\/539"}],"wp:attachment":[{"href":"http:\/\/restaurant-mauer.at\/z\/wp-json\/wp\/v2\/media?parent=294"}],"wp:term":[{"taxonomy":"product_brand","embeddable":true,"href":"http:\/\/restaurant-mauer.at\/z\/wp-json\/wp\/v2\/product_brand?post=294"},{"taxonomy":"product_cat","embeddable":true,"href":"http:\/\/restaurant-mauer.at\/z\/wp-json\/wp\/v2\/product_cat?post=294"},{"taxonomy":"product_tag","embeddable":true,"href":"http:\/\/restaurant-mauer.at\/z\/wp-json\/wp\/v2\/product_tag?post=294"}],"curies":[{"name":"wp","href":"https:\/\/api.w.org\/{rel}","templated":true}]}}