{"id":316,"date":"2025-09-19T14:25:48","date_gmt":"2025-09-19T12:25:48","guid":{"rendered":"http:\/\/restaurant-mauer.at\/bestellseite\/produkt\/s1-lamm-tie-ban\/"},"modified":"2025-09-27T20:54:41","modified_gmt":"2025-09-27T18:54:41","slug":"s01-lamm-tie-ban","status":"publish","type":"product","link":"http:\/\/restaurant-mauer.at\/z\/produkt\/s01-lamm-tie-ban\/","title":{"rendered":"S01. Lamm Tie Ban"},"content":{"rendered":"","protected":false},"excerpt":{"rendered":"<p>mit exotischem Gem\u00fcse und Gew\u00fcrzen auf hei\u00dfer Grillplatte (scharf) (K\u00fcche China) (Allergeneinformationen: Soja)<\/p>\n","protected":false},"featured_media":539,"comment_status":"closed","ping_status":"closed","template":"","meta":[],"product_brand":[],"product_cat":[66],"product_tag":[],"class_list":{"0":"post-316","1":"product","2":"type-product","3":"status-publish","4":"has-post-thumbnail","6":"product_cat-spezialitaeten","8":"first","9":"instock","10":"purchasable","11":"product-type-simple"},"_links":{"self":[{"href":"http:\/\/restaurant-mauer.at\/z\/wp-json\/wp\/v2\/product\/316","targetHints":{"allow":["GET"]}}],"collection":[{"href":"http:\/\/restaurant-mauer.at\/z\/wp-json\/wp\/v2\/product"}],"about":[{"href":"http:\/\/restaurant-mauer.at\/z\/wp-json\/wp\/v2\/types\/product"}],"replies":[{"embeddable":true,"href":"http:\/\/restaurant-mauer.at\/z\/wp-json\/wp\/v2\/comments?post=316"}],"wp:featuredmedia":[{"embeddable":true,"href":"http:\/\/restaurant-mauer.at\/z\/wp-json\/wp\/v2\/media\/539"}],"wp:attachment":[{"href":"http:\/\/restaurant-mauer.at\/z\/wp-json\/wp\/v2\/media?parent=316"}],"wp:term":[{"taxonomy":"product_brand","embeddable":true,"href":"http:\/\/restaurant-mauer.at\/z\/wp-json\/wp\/v2\/product_brand?post=316"},{"taxonomy":"product_cat","embeddable":true,"href":"http:\/\/restaurant-mauer.at\/z\/wp-json\/wp\/v2\/product_cat?post=316"},{"taxonomy":"product_tag","embeddable":true,"href":"http:\/\/restaurant-mauer.at\/z\/wp-json\/wp\/v2\/product_tag?post=316"}],"curies":[{"name":"wp","href":"https:\/\/api.w.org\/{rel}","templated":true}]}}