{"id":326,"date":"2025-09-19T14:25:48","date_gmt":"2025-09-19T12:25:48","guid":{"rendered":"http:\/\/restaurant-mauer.at\/bestellseite\/produkt\/s18-xiang-ling-mit-huehnerfleisch\/"},"modified":"2025-09-27T20:56:52","modified_gmt":"2025-09-27T18:56:52","slug":"s18-xiang-ling-mit-huehnerfleisch","status":"publish","type":"product","link":"http:\/\/restaurant-mauer.at\/z\/produkt\/s18-xiang-ling-mit-huehnerfleisch\/","title":{"rendered":"S18. Xiang Ling mit H\u00fchnerfleisch"},"content":{"rendered":"","protected":false},"excerpt":{"rendered":"<p>knusprige Teigtaschen und Gem\u00fcse auf hei\u00dfer Platte (scharf) (K\u00fcche China) (Allergeneinformationen: Glutenhaltiges Getreide, Soja)<\/p>\n","protected":false},"featured_media":539,"comment_status":"closed","ping_status":"closed","template":"","meta":[],"product_brand":[],"product_cat":[66],"product_tag":[],"class_list":{"0":"post-326","1":"product","2":"type-product","3":"status-publish","4":"has-post-thumbnail","6":"product_cat-spezialitaeten","8":"first","9":"instock","10":"purchasable","11":"product-type-simple"},"_links":{"self":[{"href":"http:\/\/restaurant-mauer.at\/z\/wp-json\/wp\/v2\/product\/326","targetHints":{"allow":["GET"]}}],"collection":[{"href":"http:\/\/restaurant-mauer.at\/z\/wp-json\/wp\/v2\/product"}],"about":[{"href":"http:\/\/restaurant-mauer.at\/z\/wp-json\/wp\/v2\/types\/product"}],"replies":[{"embeddable":true,"href":"http:\/\/restaurant-mauer.at\/z\/wp-json\/wp\/v2\/comments?post=326"}],"wp:featuredmedia":[{"embeddable":true,"href":"http:\/\/restaurant-mauer.at\/z\/wp-json\/wp\/v2\/media\/539"}],"wp:attachment":[{"href":"http:\/\/restaurant-mauer.at\/z\/wp-json\/wp\/v2\/media?parent=326"}],"wp:term":[{"taxonomy":"product_brand","embeddable":true,"href":"http:\/\/restaurant-mauer.at\/z\/wp-json\/wp\/v2\/product_brand?post=326"},{"taxonomy":"product_cat","embeddable":true,"href":"http:\/\/restaurant-mauer.at\/z\/wp-json\/wp\/v2\/product_cat?post=326"},{"taxonomy":"product_tag","embeddable":true,"href":"http:\/\/restaurant-mauer.at\/z\/wp-json\/wp\/v2\/product_tag?post=326"}],"curies":[{"name":"wp","href":"https:\/\/api.w.org\/{rel}","templated":true}]}}