{"id":327,"date":"2025-09-19T14:25:48","date_gmt":"2025-09-19T12:25:48","guid":{"rendered":"http:\/\/restaurant-mauer.at\/bestellseite\/produkt\/s22-drei-sortenfleisch-sha-guo\/"},"modified":"2025-09-27T20:57:02","modified_gmt":"2025-09-27T18:57:02","slug":"s22-drei-sortenfleisch-sha-guo","status":"publish","type":"product","link":"http:\/\/restaurant-mauer.at\/z\/produkt\/s22-drei-sortenfleisch-sha-guo\/","title":{"rendered":"S22. Drei Sortenfleisch Sha Guo"},"content":{"rendered":"","protected":false},"excerpt":{"rendered":"<p>Rindfleisch, H\u00fchnerfleisch und Schweinefleisch mit Gem\u00fcse in hei\u00dfer Tontopf (scharf) (K\u00fcche China) (Allergeneinformationen: Soja)<\/p>\n","protected":false},"featured_media":539,"comment_status":"closed","ping_status":"closed","template":"","meta":[],"product_brand":[],"product_cat":[66],"product_tag":[],"class_list":{"0":"post-327","1":"product","2":"type-product","3":"status-publish","4":"has-post-thumbnail","6":"product_cat-spezialitaeten","8":"first","9":"instock","10":"purchasable","11":"product-type-simple"},"_links":{"self":[{"href":"http:\/\/restaurant-mauer.at\/z\/wp-json\/wp\/v2\/product\/327","targetHints":{"allow":["GET"]}}],"collection":[{"href":"http:\/\/restaurant-mauer.at\/z\/wp-json\/wp\/v2\/product"}],"about":[{"href":"http:\/\/restaurant-mauer.at\/z\/wp-json\/wp\/v2\/types\/product"}],"replies":[{"embeddable":true,"href":"http:\/\/restaurant-mauer.at\/z\/wp-json\/wp\/v2\/comments?post=327"}],"wp:featuredmedia":[{"embeddable":true,"href":"http:\/\/restaurant-mauer.at\/z\/wp-json\/wp\/v2\/media\/539"}],"wp:attachment":[{"href":"http:\/\/restaurant-mauer.at\/z\/wp-json\/wp\/v2\/media?parent=327"}],"wp:term":[{"taxonomy":"product_brand","embeddable":true,"href":"http:\/\/restaurant-mauer.at\/z\/wp-json\/wp\/v2\/product_brand?post=327"},{"taxonomy":"product_cat","embeddable":true,"href":"http:\/\/restaurant-mauer.at\/z\/wp-json\/wp\/v2\/product_cat?post=327"},{"taxonomy":"product_tag","embeddable":true,"href":"http:\/\/restaurant-mauer.at\/z\/wp-json\/wp\/v2\/product_tag?post=327"}],"curies":[{"name":"wp","href":"https:\/\/api.w.org\/{rel}","templated":true}]}}