{"id":329,"date":"2025-09-19T14:25:48","date_gmt":"2025-09-19T12:25:48","guid":{"rendered":"http:\/\/restaurant-mauer.at\/bestellseite\/produkt\/s24-huehnerfleisch-a-la-thailaendische-art\/"},"modified":"2025-09-27T20:57:51","modified_gmt":"2025-09-27T18:57:51","slug":"s24-huehnerfleisch-a-la-thailaendische-art","status":"publish","type":"product","link":"http:\/\/restaurant-mauer.at\/z\/produkt\/s24-huehnerfleisch-a-la-thailaendische-art\/","title":{"rendered":"S24. H\u00fchnerfleisch a la thail\u00e4ndische Art"},"content":{"rendered":"","protected":false},"excerpt":{"rendered":"<p>gebratenes H\u00fchnerfleisch mit Gem\u00fcse, Chili, Basilikum und Kokosnussmilch (K\u00fcche Thailand)<\/p>\n","protected":false},"featured_media":539,"comment_status":"closed","ping_status":"closed","template":"","meta":[],"product_brand":[],"product_cat":[89],"product_tag":[],"class_list":{"0":"post-329","1":"product","2":"type-product","3":"status-publish","4":"has-post-thumbnail","6":"product_cat-thailaendische-speisen","8":"first","9":"instock","10":"purchasable","11":"product-type-simple"},"_links":{"self":[{"href":"http:\/\/restaurant-mauer.at\/z\/wp-json\/wp\/v2\/product\/329","targetHints":{"allow":["GET"]}}],"collection":[{"href":"http:\/\/restaurant-mauer.at\/z\/wp-json\/wp\/v2\/product"}],"about":[{"href":"http:\/\/restaurant-mauer.at\/z\/wp-json\/wp\/v2\/types\/product"}],"replies":[{"embeddable":true,"href":"http:\/\/restaurant-mauer.at\/z\/wp-json\/wp\/v2\/comments?post=329"}],"wp:featuredmedia":[{"embeddable":true,"href":"http:\/\/restaurant-mauer.at\/z\/wp-json\/wp\/v2\/media\/539"}],"wp:attachment":[{"href":"http:\/\/restaurant-mauer.at\/z\/wp-json\/wp\/v2\/media?parent=329"}],"wp:term":[{"taxonomy":"product_brand","embeddable":true,"href":"http:\/\/restaurant-mauer.at\/z\/wp-json\/wp\/v2\/product_brand?post=329"},{"taxonomy":"product_cat","embeddable":true,"href":"http:\/\/restaurant-mauer.at\/z\/wp-json\/wp\/v2\/product_cat?post=329"},{"taxonomy":"product_tag","embeddable":true,"href":"http:\/\/restaurant-mauer.at\/z\/wp-json\/wp\/v2\/product_tag?post=329"}],"curies":[{"name":"wp","href":"https:\/\/api.w.org\/{rel}","templated":true}]}}