{"id":336,"date":"2025-09-19T14:25:52","date_gmt":"2025-09-19T12:25:52","guid":{"rendered":"http:\/\/restaurant-mauer.at\/bestellseite\/produkt\/s31-tom-yam-shang-xian\/"},"modified":"2025-09-27T20:59:06","modified_gmt":"2025-09-27T18:59:06","slug":"s31-tom-yam-shang-xian","status":"publish","type":"product","link":"http:\/\/restaurant-mauer.at\/z\/produkt\/s31-tom-yam-shang-xian\/","title":{"rendered":"S31. Tom Yam Shang Xian"},"content":{"rendered":"","protected":false},"excerpt":{"rendered":"<p>3 Sorten Fleisch (H\u00fchner-, Schweine- und Rindfleisch) und Gem\u00fcse in Tom Yam Sauce auf hei\u00dfer Grillplatte (K\u00fcche Thailand) (Allergeneinformationen: Soja)<\/p>\n","protected":false},"featured_media":539,"comment_status":"closed","ping_status":"closed","template":"","meta":[],"product_brand":[],"product_cat":[89],"product_tag":[],"class_list":{"0":"post-336","1":"product","2":"type-product","3":"status-publish","4":"has-post-thumbnail","6":"product_cat-thailaendische-speisen","8":"first","9":"instock","10":"purchasable","11":"product-type-simple"},"_links":{"self":[{"href":"http:\/\/restaurant-mauer.at\/z\/wp-json\/wp\/v2\/product\/336","targetHints":{"allow":["GET"]}}],"collection":[{"href":"http:\/\/restaurant-mauer.at\/z\/wp-json\/wp\/v2\/product"}],"about":[{"href":"http:\/\/restaurant-mauer.at\/z\/wp-json\/wp\/v2\/types\/product"}],"replies":[{"embeddable":true,"href":"http:\/\/restaurant-mauer.at\/z\/wp-json\/wp\/v2\/comments?post=336"}],"wp:featuredmedia":[{"embeddable":true,"href":"http:\/\/restaurant-mauer.at\/z\/wp-json\/wp\/v2\/media\/539"}],"wp:attachment":[{"href":"http:\/\/restaurant-mauer.at\/z\/wp-json\/wp\/v2\/media?parent=336"}],"wp:term":[{"taxonomy":"product_brand","embeddable":true,"href":"http:\/\/restaurant-mauer.at\/z\/wp-json\/wp\/v2\/product_brand?post=336"},{"taxonomy":"product_cat","embeddable":true,"href":"http:\/\/restaurant-mauer.at\/z\/wp-json\/wp\/v2\/product_cat?post=336"},{"taxonomy":"product_tag","embeddable":true,"href":"http:\/\/restaurant-mauer.at\/z\/wp-json\/wp\/v2\/product_tag?post=336"}],"curies":[{"name":"wp","href":"https:\/\/api.w.org\/{rel}","templated":true}]}}