{"id":343,"date":"2025-09-19T14:25:52","date_gmt":"2025-09-19T12:25:52","guid":{"rendered":"http:\/\/restaurant-mauer.at\/bestellseite\/produkt\/d6-maguro-sushi-set\/"},"modified":"2025-09-27T20:48:44","modified_gmt":"2025-09-27T18:48:44","slug":"d6-maguro-sushi-set","status":"publish","type":"product","link":"http:\/\/restaurant-mauer.at\/z\/produkt\/d6-maguro-sushi-set\/","title":{"rendered":"D6. Maguro Sushi Set"},"content":{"rendered":"","protected":false},"excerpt":{"rendered":"<p>besteht aus 6 St\u00fcck Maguro Sushi (Thunfisch) und 3 St\u00fcck Maguro Maki (Thunfisch). (6 Sushi, 3 Maki) (K\u00fcche Japan) (Allergeneinformationen: Fisch)<\/p>\n","protected":false},"featured_media":539,"comment_status":"closed","ping_status":"closed","template":"","meta":[],"product_brand":[],"product_cat":[67],"product_tag":[],"class_list":{"0":"post-343","1":"product","2":"type-product","3":"status-publish","4":"has-post-thumbnail","6":"product_cat-sushi-maki","8":"first","9":"instock","10":"purchasable","11":"product-type-simple"},"_links":{"self":[{"href":"http:\/\/restaurant-mauer.at\/z\/wp-json\/wp\/v2\/product\/343","targetHints":{"allow":["GET"]}}],"collection":[{"href":"http:\/\/restaurant-mauer.at\/z\/wp-json\/wp\/v2\/product"}],"about":[{"href":"http:\/\/restaurant-mauer.at\/z\/wp-json\/wp\/v2\/types\/product"}],"replies":[{"embeddable":true,"href":"http:\/\/restaurant-mauer.at\/z\/wp-json\/wp\/v2\/comments?post=343"}],"wp:featuredmedia":[{"embeddable":true,"href":"http:\/\/restaurant-mauer.at\/z\/wp-json\/wp\/v2\/media\/539"}],"wp:attachment":[{"href":"http:\/\/restaurant-mauer.at\/z\/wp-json\/wp\/v2\/media?parent=343"}],"wp:term":[{"taxonomy":"product_brand","embeddable":true,"href":"http:\/\/restaurant-mauer.at\/z\/wp-json\/wp\/v2\/product_brand?post=343"},{"taxonomy":"product_cat","embeddable":true,"href":"http:\/\/restaurant-mauer.at\/z\/wp-json\/wp\/v2\/product_cat?post=343"},{"taxonomy":"product_tag","embeddable":true,"href":"http:\/\/restaurant-mauer.at\/z\/wp-json\/wp\/v2\/product_tag?post=343"}],"curies":[{"name":"wp","href":"https:\/\/api.w.org\/{rel}","templated":true}]}}