{"id":378,"date":"2025-09-19T14:26:00","date_gmt":"2025-09-19T12:26:00","guid":{"rendered":"http:\/\/restaurant-mauer.at\/bestellseite\/produkt\/m12-ente-mit-ananas\/"},"modified":"2025-09-28T10:40:25","modified_gmt":"2025-09-28T08:40:25","slug":"m12-ente-mit-ananas","status":"publish","type":"product","link":"http:\/\/restaurant-mauer.at\/z\/produkt\/m12-ente-mit-ananas\/","title":{"rendered":"M12. Ente mit Ananas"},"content":{"rendered":"","protected":false},"excerpt":{"rendered":"<p>knusprige Ente auf Ananasst\u00fccken, Gem\u00fcse in s\u00fc\u00dfsauer Sauce und Beilage Reis (K\u00fcche China) (Allergeneinformationen: Glutenhaltiges Getreide)<\/p>\n","protected":false},"featured_media":539,"comment_status":"closed","ping_status":"closed","template":"","meta":[],"product_brand":[],"product_cat":[68,87],"product_tag":[],"class_list":{"0":"post-378","1":"product","2":"type-product","3":"status-publish","4":"has-post-thumbnail","6":"product_cat-menue","7":"product_cat-mittagsmenue","9":"first","10":"instock","11":"purchasable","12":"product-type-variable"},"_links":{"self":[{"href":"http:\/\/restaurant-mauer.at\/z\/wp-json\/wp\/v2\/product\/378","targetHints":{"allow":["GET"]}}],"collection":[{"href":"http:\/\/restaurant-mauer.at\/z\/wp-json\/wp\/v2\/product"}],"about":[{"href":"http:\/\/restaurant-mauer.at\/z\/wp-json\/wp\/v2\/types\/product"}],"replies":[{"embeddable":true,"href":"http:\/\/restaurant-mauer.at\/z\/wp-json\/wp\/v2\/comments?post=378"}],"wp:featuredmedia":[{"embeddable":true,"href":"http:\/\/restaurant-mauer.at\/z\/wp-json\/wp\/v2\/media\/539"}],"wp:attachment":[{"href":"http:\/\/restaurant-mauer.at\/z\/wp-json\/wp\/v2\/media?parent=378"}],"wp:term":[{"taxonomy":"product_brand","embeddable":true,"href":"http:\/\/restaurant-mauer.at\/z\/wp-json\/wp\/v2\/product_brand?post=378"},{"taxonomy":"product_cat","embeddable":true,"href":"http:\/\/restaurant-mauer.at\/z\/wp-json\/wp\/v2\/product_cat?post=378"},{"taxonomy":"product_tag","embeddable":true,"href":"http:\/\/restaurant-mauer.at\/z\/wp-json\/wp\/v2\/product_tag?post=378"}],"curies":[{"name":"wp","href":"https:\/\/api.w.org\/{rel}","templated":true}]}}