{"id":385,"date":"2025-09-19T14:26:00","date_gmt":"2025-09-19T12:26:00","guid":{"rendered":"http:\/\/restaurant-mauer.at\/bestellseite\/produkt\/m20-huehnerfleisch-spezial-mauer\/"},"modified":"2025-09-28T11:07:38","modified_gmt":"2025-09-28T09:07:38","slug":"m20-huehnerfleisch-spezial-mauer","status":"publish","type":"product","link":"http:\/\/restaurant-mauer.at\/z\/produkt\/m20-huehnerfleisch-spezial-mauer\/","title":{"rendered":"M20. H\u00fchnerfleisch Spezial Mauer"},"content":{"rendered":"","protected":false},"excerpt":{"rendered":"<p>nach Art des Hauses in s\u00fc\u00dfsauer scharfer Sauce und Beilage Reis (K\u00fcche China)<\/p>\n","protected":false},"featured_media":539,"comment_status":"closed","ping_status":"closed","template":"","meta":[],"product_brand":[],"product_cat":[68,87],"product_tag":[],"class_list":{"0":"post-385","1":"product","2":"type-product","3":"status-publish","4":"has-post-thumbnail","6":"product_cat-menue","7":"product_cat-mittagsmenue","9":"first","10":"instock","11":"purchasable","12":"product-type-variable"},"_links":{"self":[{"href":"http:\/\/restaurant-mauer.at\/z\/wp-json\/wp\/v2\/product\/385","targetHints":{"allow":["GET"]}}],"collection":[{"href":"http:\/\/restaurant-mauer.at\/z\/wp-json\/wp\/v2\/product"}],"about":[{"href":"http:\/\/restaurant-mauer.at\/z\/wp-json\/wp\/v2\/types\/product"}],"replies":[{"embeddable":true,"href":"http:\/\/restaurant-mauer.at\/z\/wp-json\/wp\/v2\/comments?post=385"}],"wp:featuredmedia":[{"embeddable":true,"href":"http:\/\/restaurant-mauer.at\/z\/wp-json\/wp\/v2\/media\/539"}],"wp:attachment":[{"href":"http:\/\/restaurant-mauer.at\/z\/wp-json\/wp\/v2\/media?parent=385"}],"wp:term":[{"taxonomy":"product_brand","embeddable":true,"href":"http:\/\/restaurant-mauer.at\/z\/wp-json\/wp\/v2\/product_brand?post=385"},{"taxonomy":"product_cat","embeddable":true,"href":"http:\/\/restaurant-mauer.at\/z\/wp-json\/wp\/v2\/product_cat?post=385"},{"taxonomy":"product_tag","embeddable":true,"href":"http:\/\/restaurant-mauer.at\/z\/wp-json\/wp\/v2\/product_tag?post=385"}],"curies":[{"name":"wp","href":"https:\/\/api.w.org\/{rel}","templated":true}]}}