{"id":386,"date":"2025-09-19T14:26:00","date_gmt":"2025-09-19T12:26:00","guid":{"rendered":"http:\/\/restaurant-mauer.at\/bestellseite\/produkt\/am1-gebratener-eierreis-mit-huehnerfleisch\/"},"modified":"2025-09-28T11:14:25","modified_gmt":"2025-09-28T09:14:25","slug":"am1-gebratener-eierreis-mit-huehnerfleisch","status":"publish","type":"product","link":"http:\/\/restaurant-mauer.at\/z\/produkt\/am1-gebratener-eierreis-mit-huehnerfleisch\/","title":{"rendered":"AM01. Gebratener Eierreis mit H\u00fchnerfleisch"},"content":{"rendered":"","protected":false},"excerpt":{"rendered":"<p>und Gem\u00fcse (K\u00fcche China) (Allergeneinformationen: Eier, Soja)<\/p>\n","protected":false},"featured_media":539,"comment_status":"closed","ping_status":"closed","template":"","meta":[],"product_brand":[],"product_cat":[88,68],"product_tag":[],"class_list":{"0":"post-386","1":"product","2":"type-product","3":"status-publish","4":"has-post-thumbnail","6":"product_cat-abend-sonntag-feiertag-menue","7":"product_cat-menue","9":"first","10":"instock","11":"purchasable","12":"product-type-variable"},"_links":{"self":[{"href":"http:\/\/restaurant-mauer.at\/z\/wp-json\/wp\/v2\/product\/386","targetHints":{"allow":["GET"]}}],"collection":[{"href":"http:\/\/restaurant-mauer.at\/z\/wp-json\/wp\/v2\/product"}],"about":[{"href":"http:\/\/restaurant-mauer.at\/z\/wp-json\/wp\/v2\/types\/product"}],"replies":[{"embeddable":true,"href":"http:\/\/restaurant-mauer.at\/z\/wp-json\/wp\/v2\/comments?post=386"}],"wp:featuredmedia":[{"embeddable":true,"href":"http:\/\/restaurant-mauer.at\/z\/wp-json\/wp\/v2\/media\/539"}],"wp:attachment":[{"href":"http:\/\/restaurant-mauer.at\/z\/wp-json\/wp\/v2\/media?parent=386"}],"wp:term":[{"taxonomy":"product_brand","embeddable":true,"href":"http:\/\/restaurant-mauer.at\/z\/wp-json\/wp\/v2\/product_brand?post=386"},{"taxonomy":"product_cat","embeddable":true,"href":"http:\/\/restaurant-mauer.at\/z\/wp-json\/wp\/v2\/product_cat?post=386"},{"taxonomy":"product_tag","embeddable":true,"href":"http:\/\/restaurant-mauer.at\/z\/wp-json\/wp\/v2\/product_tag?post=386"}],"curies":[{"name":"wp","href":"https:\/\/api.w.org\/{rel}","templated":true}]}}