{"id":391,"date":"2025-09-19T14:26:04","date_gmt":"2025-09-19T12:26:04","guid":{"rendered":"http:\/\/restaurant-mauer.at\/bestellseite\/produkt\/am6-huehnerfleisch-suesssauer\/"},"modified":"2025-09-28T12:05:25","modified_gmt":"2025-09-28T10:05:25","slug":"am06-huehnerfleisch-suesssauer","status":"publish","type":"product","link":"http:\/\/restaurant-mauer.at\/z\/produkt\/am06-huehnerfleisch-suesssauer\/","title":{"rendered":"AM06. H\u00fchnerfleisch S\u00fc\u00dfsauer"},"content":{"rendered":"","protected":false},"excerpt":{"rendered":"<p>gebackenes H\u00fchnerfleisch mit Gem\u00fcse, Ananas, S\u00fc\u00dfsauer Sauce und Beilage Reis (K\u00fcche China) (Allergeneinformationen: Glutenhaltiges Getreide)<\/p>\n","protected":false},"featured_media":539,"comment_status":"closed","ping_status":"closed","template":"","meta":[],"product_brand":[],"product_cat":[88,68],"product_tag":[],"class_list":{"0":"post-391","1":"product","2":"type-product","3":"status-publish","4":"has-post-thumbnail","6":"product_cat-abend-sonntag-feiertag-menue","7":"product_cat-menue","9":"first","10":"instock","11":"purchasable","12":"product-type-variable"},"_links":{"self":[{"href":"http:\/\/restaurant-mauer.at\/z\/wp-json\/wp\/v2\/product\/391","targetHints":{"allow":["GET"]}}],"collection":[{"href":"http:\/\/restaurant-mauer.at\/z\/wp-json\/wp\/v2\/product"}],"about":[{"href":"http:\/\/restaurant-mauer.at\/z\/wp-json\/wp\/v2\/types\/product"}],"replies":[{"embeddable":true,"href":"http:\/\/restaurant-mauer.at\/z\/wp-json\/wp\/v2\/comments?post=391"}],"wp:featuredmedia":[{"embeddable":true,"href":"http:\/\/restaurant-mauer.at\/z\/wp-json\/wp\/v2\/media\/539"}],"wp:attachment":[{"href":"http:\/\/restaurant-mauer.at\/z\/wp-json\/wp\/v2\/media?parent=391"}],"wp:term":[{"taxonomy":"product_brand","embeddable":true,"href":"http:\/\/restaurant-mauer.at\/z\/wp-json\/wp\/v2\/product_brand?post=391"},{"taxonomy":"product_cat","embeddable":true,"href":"http:\/\/restaurant-mauer.at\/z\/wp-json\/wp\/v2\/product_cat?post=391"},{"taxonomy":"product_tag","embeddable":true,"href":"http:\/\/restaurant-mauer.at\/z\/wp-json\/wp\/v2\/product_tag?post=391"}],"curies":[{"name":"wp","href":"https:\/\/api.w.org\/{rel}","templated":true}]}}