{"id":403,"date":"2025-09-19T14:26:04","date_gmt":"2025-09-19T12:26:04","guid":{"rendered":"http:\/\/restaurant-mauer.at\/bestellseite\/produkt\/am19-thailaendische-red-curry-chicken\/"},"modified":"2025-09-28T12:21:38","modified_gmt":"2025-09-28T10:21:38","slug":"am19-thailaendische-red-curry-chicken","status":"publish","type":"product","link":"http:\/\/restaurant-mauer.at\/z\/produkt\/am19-thailaendische-red-curry-chicken\/","title":{"rendered":"AM19. Thail\u00e4ndische Red Curry Chicken"},"content":{"rendered":"","protected":false},"excerpt":{"rendered":"<p>mit exotischem Gem\u00fcse und Kokosnussmilch, Beilage Reis (scharf) (K\u00fcche Thailand)<\/p>\n","protected":false},"featured_media":539,"comment_status":"closed","ping_status":"closed","template":"","meta":[],"product_brand":[],"product_cat":[88,68],"product_tag":[],"class_list":{"0":"post-403","1":"product","2":"type-product","3":"status-publish","4":"has-post-thumbnail","6":"product_cat-abend-sonntag-feiertag-menue","7":"product_cat-menue","9":"first","10":"instock","11":"purchasable","12":"product-type-variable"},"_links":{"self":[{"href":"http:\/\/restaurant-mauer.at\/z\/wp-json\/wp\/v2\/product\/403","targetHints":{"allow":["GET"]}}],"collection":[{"href":"http:\/\/restaurant-mauer.at\/z\/wp-json\/wp\/v2\/product"}],"about":[{"href":"http:\/\/restaurant-mauer.at\/z\/wp-json\/wp\/v2\/types\/product"}],"replies":[{"embeddable":true,"href":"http:\/\/restaurant-mauer.at\/z\/wp-json\/wp\/v2\/comments?post=403"}],"wp:featuredmedia":[{"embeddable":true,"href":"http:\/\/restaurant-mauer.at\/z\/wp-json\/wp\/v2\/media\/539"}],"wp:attachment":[{"href":"http:\/\/restaurant-mauer.at\/z\/wp-json\/wp\/v2\/media?parent=403"}],"wp:term":[{"taxonomy":"product_brand","embeddable":true,"href":"http:\/\/restaurant-mauer.at\/z\/wp-json\/wp\/v2\/product_brand?post=403"},{"taxonomy":"product_cat","embeddable":true,"href":"http:\/\/restaurant-mauer.at\/z\/wp-json\/wp\/v2\/product_cat?post=403"},{"taxonomy":"product_tag","embeddable":true,"href":"http:\/\/restaurant-mauer.at\/z\/wp-json\/wp\/v2\/product_tag?post=403"}],"curies":[{"name":"wp","href":"https:\/\/api.w.org\/{rel}","templated":true}]}}